{"id":12,"date":"2009-06-08T20:36:05","date_gmt":"2009-06-08T19:36:05","guid":{"rendered":"http:\/\/www.dododidi.de\/blog\/?page_id=12"},"modified":"2018-08-26T09:10:21","modified_gmt":"2018-08-26T08:10:21","slug":"reiseberichtseite","status":"publish","type":"page","link":"https:\/\/www.dododidi.de\/?page_id=12","title":{"rendered":"Reiseberichte"},"content":{"rendered":"<blockquote><p>Beschreibungen von unseren Reisen:<\/p><\/blockquote>\n<p>(*) Beschreibung aus ehemaliger Webpage<\/p>\n<ul>\n<li>Kreuzfahrt Nordmeer August 2018:\n<ul>\n<li><a href=\"http:\/\/www.dododidi.de\/?p=1262\">08.08.2018: Tag 0<\/a><\/li>\n<li><a href=\"http:\/\/www.dododidi.de\/?p=1290\">09.08.2018: Ankunft in HH<\/a><\/li>\n<li><a href=\"http:\/\/www.dododidi.de\/?p=1286\">10.08.2018: Seetag, \u00dcberfahrt nach \u00c5lesund<\/a><\/li>\n<li><a href=\"http:\/\/www.dododidi.de\/?p=1322\">11.08.2018: \u00c5lesund<\/a><\/li>\n<li><a href=\"http:\/\/www.dododidi.de\/?p=1311\">12.08.2018: Seetag, \u00dcberfahrt nach Troms\u00f8<\/a><\/li>\n<li><a href=\"http:\/\/www.dododidi.de\/?p=1355\">13.08.2018: Troms\u00f8<\/a><\/li>\n<li><a href=\"http:\/\/www.dododidi.de\/?p=1365\">14.08.2018: Seetag, \u00dcberfahrt nach Longyearbyen<\/a><\/li>\n<li><a href=\"http:\/\/www.dododidi.de\/?p=1370\">15.08.2018: Longyearbyen<\/a><\/li>\n<li><a href=\"http:\/\/www.dododidi.de\/?p=1518\">16.08.2018: Seetag, \u00dcberfahrt nach Honningsv\u00e5g<\/a><\/li>\n<li><a href=\"http:\/\/www.dododidi.de\/?p=1521\">17.08.2018: Honningsv\u00e5g, Nordkapp<\/a><\/li>\n<li><a href=\"http:\/\/www.dododidi.de\/?p=1565\">18.08.2018: Seetag, \u00dcberfahrt nach Geiranger<\/a><\/li>\n<li><a href=\"http:\/\/www.dododidi.de\/?p=1567\">19.08.2018: Seetag 2, \u00dcberfahrt nach Geiranger<\/a><\/li>\n<li><a href=\"http:\/\/www.dododidi.de\/?p=1569\">20.08.2018: Geiranger<\/a><\/li>\n<li><a href=\"http:\/\/www.dododidi.de\/?p=1571\">21.08.2018: Stavanger<\/a><\/li>\n<li><a href=\"http:\/\/www.dododidi.de\/?p=1573\">22.08.2018: Seetag, \u00dcberfahrt nach Hamburg<\/a><\/li>\n<li><a href=\"http:\/\/www.dododidi.de\/?p=1342\">23.08.2018: Abreise aus HH<\/a><\/li>\n<\/ul>\n<\/li>\n<\/ul>\n<p>&nbsp;<\/p>\n<ul>\n<li>Norwegen 2009:\n<ul>\n<li><a href=\"http:\/\/www.dododidi.de\/blog\/wp-content\/uploads\/2009\/08\/Norway2009-Day24.gpx\">Die gefahrene Strecke [urldisplaymode=nomap]<\/a> (als gpx-Datei)<\/li>\n<li><a title=\"Permanenter Link zu 24.06.2009: Abreisetag\" href=\"..\/..\/?p=174\" rel=\"bookmark\">24.06.2009: Abreisetag<\/a><\/li>\n<li><a title=\"Permanenter Link zu 25.06.2009: F\u00e4hr\u00fcberfahrt nach Norwegen\" href=\"..\/..\/?p=176\" rel=\"bookmark\">25.06.2009: F\u00e4hr\u00fcberfahrt nach Norwegen<\/a><\/li>\n<li><a title=\"Permanenter Link zu 26.06.2009 Ankunft Bergen\" href=\"..\/..\/?p=177\" rel=\"bookmark\">26.06.2009: Ankunft Bergen<\/a><\/li>\n<li><a title=\"Permanenter Link zu 27.06.2009: Gletscher\" href=\"..\/..\/?p=178\" rel=\"bookmark\">27.06.2009: Gletscher<\/a><\/li>\n<li><a title=\"Permanenter Link zu 28.06.2009: H\u00f6henmeter\" href=\"..\/..\/?p=179\" rel=\"bookmark\">28.06.2009: H\u00f6henmeter<\/a><\/li>\n<li><a title=\"Permanenter Link zu 29.06.2009: F\u00fc\u00dfe vertreten\" href=\"..\/..\/?p=180\" rel=\"bookmark\">29.06.2009: F\u00fc\u00dfe vertreten<\/a><\/li>\n<li><a title=\"Permanenter Link zu 30.06.2009: Trondheim\" href=\"..\/..\/?p=248\" rel=\"bookmark\">30.06.2009: Trondheim<\/a><\/li>\n<li><a title=\"Permanenter Link zu 01.07.2009: F\u00e4hren &amp; Hunderttausend\" href=\"..\/..\/?p=289\" rel=\"bookmark\">01.07.2009: F\u00e4hren &amp; Hunderttausend<\/a><\/li>\n<li><a title=\"Permanenter Link zu 02.07.2009: F\u00e4hren &amp; Polarkreis\" href=\"..\/..\/?p=292\" rel=\"bookmark\">02.07.2009: F\u00e4hren &amp; Polarkreis<\/a><\/li>\n<li><a title=\"Permanenter Link zu 03.07.2009: Strand &amp; Salz &amp; Tunnel &amp; Ein Satz mit X\" href=\"..\/..\/?p=295\" rel=\"bookmark\">03.07.2009: Strand &amp; Salz &amp; Tunnel &amp; Ein Satz mit X<\/a><\/li>\n<li><a title=\"Permanenter Link zu 04.07.2009: Lofoten\" href=\"..\/..\/?p=298\" rel=\"bookmark\">04.07.2009: Lofoten<\/a><\/li>\n<li><a title=\"Permanenter Link zu 05.07.2009: Vester\u00e5len\" href=\"..\/..\/?p=377\" rel=\"bookmark\">05.07.2009: Vester\u00e5len<\/a><\/li>\n<li><a title=\"Permanenter Link zu 06.07.2009: Vester\u00e5len die 2. &amp; Komfort\" href=\"..\/..\/?p=383\" rel=\"bookmark\">06.07.2009: Vester\u00e5len die 2. &amp; Komfort<\/a><\/li>\n<li><a title=\"Permanenter Link zu 07.07.2009: Umzug 2 nach 7\" href=\"..\/..\/?p=393\" rel=\"bookmark\">07.07.2009: Umzug 2 nach 7<\/a><\/li>\n<li><a title=\"Permanenter Link zu 08.07.2009: Hval\" href=\"..\/..\/?p=400\" rel=\"bookmark\">08.07.2009: Hval<\/a><\/li>\n<li><a title=\"Permanenter Link zu 09.07.2009: Ab in die W\u00e4rme\" href=\"..\/..\/?p=403\" rel=\"bookmark\">09.07.2009: Ab in die W\u00e4rme<\/a><\/li>\n<li><a title=\"Permanenter Link zu 10.07.2009: Zwischen Fisch und Fleisch\" href=\"..\/..\/?p=413\" rel=\"bookmark\">10.07.2009: Zwischen Fisch und Fleisch<\/a><\/li>\n<li><a title=\"Permanenter Link zu 11.07.2009: Die Wikinger\" href=\"..\/..\/?p=418\" rel=\"bookmark\">11.07.2009: Die Wikinger<\/a><\/li>\n<li><a title=\"Permanenter Link zu 12.07.2009: Fr\u00fchst\u00fcck und Sonne\" href=\"..\/..\/?p=437\" rel=\"bookmark\">12.07.2009: Fr\u00fchst\u00fcck und Sonne<\/a><\/li>\n<li><a title=\"Permanenter Link zu 13.07.2009: Trollstigen &amp; Geiranger\" href=\"..\/..\/?p=443\" rel=\"bookmark\">13.07.2009: Trollstigen &amp; Geiranger<\/a><\/li>\n<li><a title=\"Permanenter Link zu 14.07.2009: Abgrund\" href=\"..\/..\/?p=457\" rel=\"bookmark\">14.07.2009: Abgrund<\/a><\/li>\n<li><a title=\"Permanenter Link zu 15.07.2009: Nix\" href=\"..\/..\/?p=468\" rel=\"bookmark\">15.07.2009: Nix<\/a><\/li>\n<li><a title=\"Permanenter Link zu 16.07.2009: Bergen (in Sonne)\" href=\"..\/..\/?p=470\" rel=\"bookmark\">16.07.2009: Bergen (in Sonne)<\/a><\/li>\n<li><a title=\"Permanenter Link zu 17.07.2009: F\u00e4hr\u00fcberfahrt zur\u00fcck nach Hirtshals\" href=\"..\/..\/?p=491\" rel=\"bookmark\">17.07.2009: F\u00e4hr\u00fcberfahrt zur\u00fcck nach Hirtshals<\/a><\/li>\n<li><a title=\"Permanenter Link zu 18.07.2009: R\u00fcckfahrt ins wohlige Heim\" href=\"..\/..\/?p=495\" rel=\"bookmark\">18.07.2009: R\u00fcckfahrt ins wohlige Heim<\/a><\/li>\n<\/ul>\n<\/li>\n<li><a href=\"http:\/\/www.dododidi.de\/Urlaub\/Island%202006\/island2006.html\" target=\"_blank\" rel=\"noopener\">Island 2006 (*)<\/a><\/li>\n<\/ul>\n","protected":false},"excerpt":{"rendered":"<p>Beschreibungen von unseren Reisen: (*) Beschreibung aus ehemaliger Webpage Kreuzfahrt Nordmeer August 2018: 08.08.2018: Tag 0 09.08.2018: Ankunft in HH 10.08.2018: Seetag, \u00dcberfahrt nach \u00c5lesund 11.08.2018: \u00c5lesund 12.08.2018: Seetag, \u00dcberfahrt nach Troms\u00f8 13.08.2018: Troms\u00f8 14.08.2018: Seetag, \u00dcberfahrt nach Longyearbyen 15.08.2018: Longyearbyen 16.08.2018: Seetag, \u00dcberfahrt nach Honningsv\u00e5g 17.08.2018: Honningsv\u00e5g, Nordkapp 18.08.2018: Seetag, \u00dcberfahrt nach Geiranger 19.08.2018: &hellip; <a href=\"https:\/\/www.dododidi.de\/?page_id=12\" class=\"more-link\"><span class=\"screen-reader-text\">Reiseberichte<\/span> weiterlesen <span class=\"meta-nav\">&rarr;<\/span><\/a><\/p>\n","protected":false},"author":1,"featured_media":0,"parent":0,"menu_order":30,"comment_status":"closed","ping_status":"closed","template":"","meta":{"ngg_post_thumbnail":0},"_links":{"self":[{"href":"https:\/\/www.dododidi.de\/index.php?rest_route=\/wp\/v2\/pages\/12"}],"collection":[{"href":"https:\/\/www.dododidi.de\/index.php?rest_route=\/wp\/v2\/pages"}],"about":[{"href":"https:\/\/www.dododidi.de\/index.php?rest_route=\/wp\/v2\/types\/page"}],"author":[{"embeddable":true,"href":"https:\/\/www.dododidi.de\/index.php?rest_route=\/wp\/v2\/users\/1"}],"replies":[{"embeddable":true,"href":"https:\/\/www.dododidi.de\/index.php?rest_route=%2Fwp%2Fv2%2Fcomments&post=12"}],"version-history":[{"count":18,"href":"https:\/\/www.dododidi.de\/index.php?rest_route=\/wp\/v2\/pages\/12\/revisions"}],"predecessor-version":[{"id":1749,"href":"https:\/\/www.dododidi.de\/index.php?rest_route=\/wp\/v2\/pages\/12\/revisions\/1749"}],"wp:attachment":[{"href":"https:\/\/www.dododidi.de\/index.php?rest_route=%2Fwp%2Fv2%2Fmedia&parent=12"}],"curies":[{"name":"wp","href":"https:\/\/api.w.org\/{rel}","templated":true}]}}