{"id":7,"date":"2009-06-08T20:31:34","date_gmt":"2009-06-08T19:31:34","guid":{"rendered":"http:\/\/www.dododidi.de\/blog\/?page_id=7"},"modified":"2018-07-16T08:21:13","modified_gmt":"2018-07-16T07:21:13","slug":"umbauseite","status":"publish","type":"page","link":"https:\/\/www.dododidi.de\/?page_id=7","title":{"rendered":"Umbauarbeiten"},"content":{"rendered":"<p>Beschreibungen der Umbauarbeiten am dem Fahrzeug, (immernoch und schon wieder aktuell) KIA Sorento:<\/p>\n<ul>\n<li><a href=\"http:\/\/www.dododidi.de\/?p=857\">Reifen die 2.<\/a> (6. Mai 2011)<\/li>\n<li><a href=\"http:\/\/www.dododidi.de\/?p=835\">LPG<\/a> (4. Dez. 2010)<\/li>\n<li><a href=\"http:\/\/www.dododidi.de\/?p=831\">Fahrwerk <\/a>(4. Dez. 2010)<\/li>\n<li><a href=\"http:\/\/www.dododidi.de\/?p=825\">Anh\u00e4ngerkupplung <\/a>(4. Dez. 2010)<\/li>\n<li><a href=\"http:\/\/www.dododidi.de\/?p=815\">Navi &amp; Dachantenne<\/a> (4. Dez. 2010)<\/li>\n<li><a href=\"http:\/\/www.dododidi.de\/?p=787\">Richtige Reifen<\/a> (26. Feb. 2010)<\/li>\n<li><a href=\"http:\/\/www.dododidi.de\/?p=776\">kleine \u00c4nderungen<\/a> (1. Feb. 2010)<\/li>\n<li><a href=\"http:\/\/www.dododidi.de\/?p=768\">Neu &amp; Alt<\/a> (7. Jan. 2010)<\/li>\n<li><a href=\"http:\/\/www.dododidi.de\/?p=758\">Klappschl\u00fcssel<\/a> (7. Jan. 2010)<\/li>\n<li><a title=\"Permanenter Link zu Neubeginn \u2013 Sorento FL\" href=\"..\/..\/?p=740\" rel=\"bookmark\">Neubeginn \u2013 Sorento FL<\/a> (23. Dez. 2009)<\/li>\n<\/ul>\n<p>Der erste geliebte Sorento wurde im April 2010 verkauft, dazu sind einige R\u00fcckr\u00fcstungen vorgenommen worden, die fr\u00fcher oder sp\u00e4ter in den neuen Sorento wieder eingebaut werden (sollen).<\/p>\n<p>(*) Beschreibung aus ehemaliger Webpage<\/p>\n<ul>\n<li>Betteinbau (Juni 2009)<\/li>\n<li>Scheibenwaschd\u00fcsen am Wischerarm (Juni 2009)<\/li>\n<li>Reifenluftdruck\u00fcberwachung (Mai 2009)<\/li>\n<li><a href=\"http:\/\/www.dododidi.de\/?p=143\">matt schwarze Folierung &amp; kratzfeste Beschichtung (Mai 2009)<\/a><\/li>\n<li><\/li>\n<li>Anh\u00e4ngerkuppung MVG<\/li>\n<li>PDC Waeco<\/li>\n<li>Webasto Standheizungsaufr\u00fcstung<\/li>\n<li><a href=\"..\/..\/Sorento\/Umbauten.htm#MAD\" target=\"_blank\">MAD H\u00f6herlegungsfedern (Dank an Marco V. A.) (*)<\/a><\/li>\n<li><a href=\"..\/..\/Sorento\/Umbauten.htm#Unterfahrschutz\" target=\"_blank\">Unterfahrschutz V4A (Dank an &#8218;Edelstahldesign&#8216;) (*)<\/a><\/li>\n<li><a href=\"..\/..\/Sorento\/Umbauten.htm#Tachoringe\" target=\"_blank\">Tachoringe aus Edelstahl (Dank an Igor) (*)<\/a><\/li>\n<li><a href=\"..\/..\/Sorento\/Umbauten.htm#K&amp;N_Tauschfilter\" target=\"_blank\">K&amp;N Tauschfilter (*)<\/a><\/li>\n<li><a href=\"..\/..\/Sorento\/Umbauten.htm#Bumper\" target=\"_blank\">Bumper (Dank an Igor) (*)<\/a><\/li>\n<li><a href=\"..\/..\/Sorento\/Umbauten.htm#Heckleuchtendesign\" target=\"_blank\">Heckleuchtendesign (Dank an Marco V. A.) (*)<\/a><\/li>\n<li><a href=\"..\/..\/Sorento\/Umbauten.htm#Vollgummi_Scheibenwischer\" target=\"_blank\"> Vollgummi-Scheibenwischer (*)<\/a><\/li>\n<li><a href=\"..\/..\/Sorento\/Umbauten.htm#Pollenfilter\" target=\"_blank\">Pollenfilter (*)<\/a><\/li>\n<li><a href=\"..\/..\/Sorento\/Umbauten.htm#Regensenor_Xanonex_AWS_16\" target=\"_blank\">Regensensor Xanonex AWS 16 (*)<\/a><\/li>\n<li><a href=\"..\/..\/Sorento\/Umbauten.htm#Saugschlauch\" target=\"_blank\"> Innenr<\/a><a href=\"..\/..\/Sorento\/Umbauten.htm#Saugschlauch\" target=\"_blank\">aumtemperatursensor Saugschlauch (*)<\/a><\/li>\n<li><a href=\"..\/..\/Sorento\/Umbauten.htm#B%C3%B6ser_Blick\" target=\"_blank\">&#8218;B\u00f6ser Blick&#8216; (*)<\/a><\/li>\n<li><a href=\"..\/..\/Sorento\/Umbauten.htm#Spiegelblinker\" target=\"_blank\">Spiegelblinker (Dank an Marco V. A.) (*)<\/a><\/li>\n<li><a href=\"http:\/\/www.dododidi.de\/Sorento\/Umbauten.htm#TOD\" target=\"_blank\">Garantietausch der T.O.D. Steuerbox<\/a><\/li>\n<li><a href=\"http:\/\/www.dododidi.de\/Sorento\/Umbauten.htm#UFS Tank\" target=\"_blank\">Unterfahrschutz f\u00fcr Tank und Verteilergetriebe<\/a><\/li>\n<li><a href=\"..\/..\/Sorento\/Umbauten.htm#Mittelkonsole\" target=\"_blank\">Korea-Mittelkonsole mit Handy (Dank an Marco V. A.)<\/a><\/li>\n<li><a href=\"http:\/\/www.dododidi.de\/Sorento\/Umbauten.htm#Wasser\" target=\"_blank\">Lenkradradiofernbedienung (Dank an Marco V. A.)<\/a><\/li>\n<li><a href=\"http:\/\/www.dododidi.de\/Sorento\/Umbauten.htm#Wasser\" target=\"_blank\">Motorsteuerger\u00e4t wasserdicht verpackt<\/a><\/li>\n<li><a href=\"..\/..\/Sorento\/Umbauten.htm#Einstiegsbeleuchtung\" target=\"_blank\">Einstiegsbeleuchtung (*)<\/a><\/li>\n<li><a href=\"..\/..\/Sorento\/Umbauten.htm#Spannungskonverter\" target=\"_blank\">Spannungskonverter (*)<\/a><\/li>\n<li><a href=\"..\/..\/Sorento\/Umbauten.htm#Innenlichtumbau\" target=\"_blank\">Innenlichtumbau (*)<\/a><\/li>\n<li><a href=\"..\/..\/Sorento\/Umbauten.htm#Brillenf%C3%A4cher\" target=\"_blank\">Brill<\/a><a href=\"..\/..\/Sorento\/Umbauten.htm#Brillenf%C3%A4cher\" target=\"_blank\">enf\u00e4cher entklappern (*)<\/a><\/li>\n<li><a href=\"..\/..\/Sorento\/Umbauten.htm#Kenwood\" target=\"_blank\">Navigationssystem Kenwood KNA-G300T (*)<\/a><\/li>\n<li><a href=\"..\/..\/Sorento\/Umbauten.htm#Alarmsystem\" target=\"_blank\">Alarmsystem (*)<\/a><\/li>\n<li><a href=\"..\/..\/Sorento\/Umbauten.htm#Scheibenfolien%20Ceramic\" target=\"_blank\">Scheibenfolien SLLumar Ceramic (Dank an CD Design, speziell Stephan) (*)<\/a><\/li>\n<li><a href=\"..\/..\/Sorento\/Umbauten.htm#KoniFSD\" target=\"_blank\">Koni FSD (Dank an Arne) (*)<\/a><\/li>\n<li><a href=\"..\/..\/Sorento\/Umbauten.htm#Dachantenne\" target=\"_blank\">Dachantenne (*)<\/a><\/li>\n<li><a href=\"..\/..\/Sorento\/Umbauten.htm#Tachokonverter_Speedohealer\" target=\"_blank\"> Tachokonverter Speedohealer (*)<\/a><\/li>\n<li><a href=\"http:\/\/www.dododidi.de\/Sorento\/Umbauten.htm#Kofferraumsortierung\" target=\"_blank\"> Kofferraumsortierung (*)<\/a><\/li>\n<li><a href=\"..\/..\/Sorento\/Umbauten.htm#Subwoofer\" target=\"_blank\">Subwoofer Pioneer TS-WX11A (*)<\/a><\/li>\n<li><a href=\"..\/..\/Sorento\/Umbauten.htm#Kompressor\" target=\"_blank\">Kompressor (*)<\/a><\/li>\n<li><a href=\"..\/..\/Sorento\/Umbauten.htm#Offroadreifen_General_Grabber_AT2_265\/70R16_auf_CW_CV_8J16\" target=\"_blank\"> Offroadreifen General Grabber AT2 265\/70R16 auf CW CV 8J16 (*)<\/a><\/li>\n<li><a href=\"..\/..\/Sorento\/Umbauten.htm#Spiegelglasblinker_%28Dank_an_Marco_V._A._und_dip-tech%29_\" target=\"_blank\"> Spiegelglasblinker (Dank an Marco V. A. und dip-tech)\u00a0 (*)<\/a><\/li>\n<li><a href=\"..\/..\/Sorento\/Umbauten.htm#Cleaning_der_Kotfl%C3%BCgel_\" target=\"_blank\">Cleaning der Kotfl\u00fcgel (*)<\/a><\/li>\n<\/ul>\n<p>(*) Beschreibung aus ehemaliger Webpage<\/p>\n","protected":false},"excerpt":{"rendered":"<p>Beschreibungen der Umbauarbeiten am dem Fahrzeug, (immernoch und schon wieder aktuell) KIA Sorento: Reifen die 2. (6. Mai 2011) LPG (4. Dez. 2010) Fahrwerk (4. Dez. 2010) Anh\u00e4ngerkupplung (4. Dez. 2010) Navi &amp; Dachantenne (4. Dez. 2010) Richtige Reifen (26. Feb. 2010) kleine \u00c4nderungen (1. Feb. 2010) Neu &amp; Alt (7. Jan. 2010) Klappschl\u00fcssel (7. &hellip; <a href=\"https:\/\/www.dododidi.de\/?page_id=7\" class=\"more-link\"><span class=\"screen-reader-text\">Umbauarbeiten<\/span> weiterlesen <span class=\"meta-nav\">&rarr;<\/span><\/a><\/p>\n","protected":false},"author":1,"featured_media":0,"parent":0,"menu_order":10,"comment_status":"closed","ping_status":"closed","template":"","meta":{"ngg_post_thumbnail":0},"_links":{"self":[{"href":"https:\/\/www.dododidi.de\/index.php?rest_route=\/wp\/v2\/pages\/7"}],"collection":[{"href":"https:\/\/www.dododidi.de\/index.php?rest_route=\/wp\/v2\/pages"}],"about":[{"href":"https:\/\/www.dododidi.de\/index.php?rest_route=\/wp\/v2\/types\/page"}],"author":[{"embeddable":true,"href":"https:\/\/www.dododidi.de\/index.php?rest_route=\/wp\/v2\/users\/1"}],"replies":[{"embeddable":true,"href":"https:\/\/www.dododidi.de\/index.php?rest_route=%2Fwp%2Fv2%2Fcomments&post=7"}],"version-history":[{"count":33,"href":"https:\/\/www.dododidi.de\/index.php?rest_route=\/wp\/v2\/pages\/7\/revisions"}],"predecessor-version":[{"id":1258,"href":"https:\/\/www.dododidi.de\/index.php?rest_route=\/wp\/v2\/pages\/7\/revisions\/1258"}],"wp:attachment":[{"href":"https:\/\/www.dododidi.de\/index.php?rest_route=%2Fwp%2Fv2%2Fmedia&parent=7"}],"curies":[{"name":"wp","href":"https:\/\/api.w.org\/{rel}","templated":true}]}}