{"id":71,"date":"2009-06-16T10:29:28","date_gmt":"2009-06-16T09:29:28","guid":{"rendered":"http:\/\/www.dododidi.de\/blog\/?page_id=71"},"modified":"2009-06-16T10:33:22","modified_gmt":"2009-06-16T09:33:22","slug":"datenschutzerklarung","status":"publish","type":"page","link":"https:\/\/www.dododidi.de\/?page_id=71","title":{"rendered":"Datenschutzerkl\u00e4rung"},"content":{"rendered":"<h3>Datenschutzerkl\u00e4rung<\/h3>\n<p>Diese Webseite nimmt den Schutz deiner pers\u00f6nlichen Daten sehr ernst und h\u00e4lt sich strikt an die Regeln der Datenschutzgesetze. Personenbezogene Daten werden auf dieser Webseite nur im technisch notwendigen Umfang erhoben. In keinem Fall werden die erhobenen Daten verkauft oder aus anderen Gr\u00fcnden an Dritte weitergegeben.<\/p>\n<p>Die nachfolgende Erkl\u00e4rung gibt dir einen \u00dcberblick dar\u00fcber, wie dieser Schutz gew\u00e4hrleistet wird und welche Art von Daten zu welchem Zweck erhoben werden.<\/p>\n<ul>\n<li><strong>Datenverarbeitung auf dieser Internetseite<\/strong><\/li>\n<\/ul>\n<p>Der Anbieter erhebt und speichert automatisch in den Server Log Files Informationen, die dein Browser an uns \u00fcbermittelt. Dies sind:<\/p>\n<ul>\n<li>Browsertyp\/ -version<\/li>\n<li>verwendetes Betriebssystem<\/li>\n<li>Referrer URL (die zuvor besuchte Seite)<\/li>\n<li>Hostname des zugreifenden Rechners (IP Adresse)<\/li>\n<li>Uhrzeit der Serveranfrage.<\/li>\n<\/ul>\n<p>Diese Daten sind f\u00fcr den Anbieter nicht einer bestimmten Person zuordenbar. Eine Zusammenf\u00fchrung dieser Daten mit anderen Datenquellen wird nicht vorgenommen, die Daten werden zudem nach einer statistischen Auswertung gel\u00f6scht.<\/p>\n<ul>\n<li><strong>Cookies<\/strong><\/li>\n<\/ul>\n<p>Die Webseite <a href=\"http:\/\/www.dododidi.de\/\/\">www.dododidi.de<\/a> verwendet an einigen Stellen so genannte <a href=\"http:\/\/de.wikipedia.org\/wiki\/HTTP-Cookie\" target=\"_blank\">Cookies<\/a>. Sie dienen dazu, da\u00df Angebot nutzerfreundlicher und effektiver zu machen. Cookies sind kleine Textdateien, die auf deinem Rechner abgelegt werden und die der Browser speichert. Die meisten der von uns verwendeten Cookies sind so genannte \u201e<a href=\"http:\/\/de.wikipedia.org\/wiki\/HTTP-Cookie\" target=\"_blank\">Session-Cookies<\/a>\u201c. Sie werden nach Ende deines Besuchs automatisch gel\u00f6scht. Cookies richten auf deinem Rechner keinen Schaden an und enthalten keine Viren.<\/p>\n<ul>\n<li><strong>Auskunftsrecht<\/strong><\/li>\n<\/ul>\n<p>Du hast jederzeit das Recht auf Auskunft \u00fcber die bez\u00fcglich deiner Person gespeicherten Daten, deren Herkunft und Empf\u00e4nger sowie den Zweck der Datenverarbeitung zu erhalten.<\/p>\n<ul>\n<li><strong>Weitere Informationen<\/strong><\/li>\n<\/ul>\n<p>Dein Vertrauen ist mir wichtig. Daher m\u00f6chte ich dir jederzeit Rede und Antwort bez\u00fcglich der Verarbeitung deiner personenbezogenen Daten stehen. Wenn du Fragen hast, die diese Datenschutzerkl\u00e4rung nicht beantworten konnte oder wenn du zu einem Punkt vertiefte Informationen w\u00fcnschst, dann kannst du dich jederzeit gerne an mich wenden.<\/p>\n","protected":false},"excerpt":{"rendered":"<p>Datenschutzerkl\u00e4rung Diese Webseite nimmt den Schutz deiner pers\u00f6nlichen Daten sehr ernst und h\u00e4lt sich strikt an die Regeln der Datenschutzgesetze. Personenbezogene Daten werden auf dieser Webseite nur im technisch notwendigen Umfang erhoben. In keinem Fall werden die erhobenen Daten verkauft oder aus anderen Gr\u00fcnden an Dritte weitergegeben. Die nachfolgende Erkl\u00e4rung gibt dir einen \u00dcberblick dar\u00fcber, &hellip; <a href=\"https:\/\/www.dododidi.de\/?page_id=71\" class=\"more-link\"><span class=\"screen-reader-text\">Datenschutzerkl\u00e4rung<\/span> weiterlesen <span class=\"meta-nav\">&rarr;<\/span><\/a><\/p>\n","protected":false},"author":1,"featured_media":0,"parent":17,"menu_order":91,"comment_status":"closed","ping_status":"closed","template":"","meta":{"ngg_post_thumbnail":0},"_links":{"self":[{"href":"https:\/\/www.dododidi.de\/index.php?rest_route=\/wp\/v2\/pages\/71"}],"collection":[{"href":"https:\/\/www.dododidi.de\/index.php?rest_route=\/wp\/v2\/pages"}],"about":[{"href":"https:\/\/www.dododidi.de\/index.php?rest_route=\/wp\/v2\/types\/page"}],"author":[{"embeddable":true,"href":"https:\/\/www.dododidi.de\/index.php?rest_route=\/wp\/v2\/users\/1"}],"replies":[{"embeddable":true,"href":"https:\/\/www.dododidi.de\/index.php?rest_route=%2Fwp%2Fv2%2Fcomments&post=71"}],"version-history":[{"count":4,"href":"https:\/\/www.dododidi.de\/index.php?rest_route=\/wp\/v2\/pages\/71\/revisions"}],"predecessor-version":[{"id":77,"href":"https:\/\/www.dododidi.de\/index.php?rest_route=\/wp\/v2\/pages\/71\/revisions\/77"}],"up":[{"embeddable":true,"href":"https:\/\/www.dododidi.de\/index.php?rest_route=\/wp\/v2\/pages\/17"}],"wp:attachment":[{"href":"https:\/\/www.dododidi.de\/index.php?rest_route=%2Fwp%2Fv2%2Fmedia&parent=71"}],"curies":[{"name":"wp","href":"https:\/\/api.w.org\/{rel}","templated":true}]}}